{"id":2,"date":"2021-04-11T16:41:48","date_gmt":"2021-04-11T19:41:48","guid":{"rendered":"https:\/\/asaofranciscodeassis.org.br\/portal\/?page_id=2"},"modified":"2026-01-22T11:10:43","modified_gmt":"2026-01-22T14:10:43","slug":"home","status":"publish","type":"page","link":"https:\/\/asaofranciscodeassis.org.br\/portal\/","title":{"rendered":"Home"},"content":{"rendered":"\t\t<div data-elementor-type=\"wp-page\" data-elementor-id=\"2\" class=\"elementor elementor-2\">\n\t\t\t\t\t\t<section class=\"elementor-section elementor-top-section elementor-element elementor-element-e30983b elementor-section-full_width elementor-section-height-default elementor-section-height-default\" data-id=\"e30983b\" data-element_type=\"section\" data-e-type=\"section\" data-settings=\"{&quot;background_background&quot;:&quot;gradient&quot;}\">\n\t\t\t\t\t\t<div class=\"elementor-container elementor-column-gap-default\">\n\t\t\t\t\t<div class=\"elementor-column elementor-col-25 elementor-top-column elementor-element elementor-element-4c78f36\" data-id=\"4c78f36\" data-element_type=\"column\" data-e-type=\"column\">\n\t\t\t<div class=\"elementor-widget-wrap elementor-element-populated\">\n\t\t\t\t\t\t<div class=\"elementor-element elementor-element-2ea74af elementor-widget elementor-widget-image\" data-id=\"2ea74af\" data-element_type=\"widget\" data-e-type=\"widget\" data-widget_type=\"image.default\">\n\t\t\t\t<div class=\"elementor-widget-container\">\n\t\t\t\t\t\t\t\t\t\t\t\t\t\t\t<img decoding=\"async\" width=\"150\" height=\"150\" src=\"https:\/\/asaofranciscodeassis.org.br\/portal\/wp-content\/uploads\/2021\/04\/logoappd-150x150.jpeg\" class=\"attachment-thumbnail size-thumbnail wp-image-60\" alt=\"\" \/>\t\t\t\t\t\t\t\t\t\t\t\t\t\t\t<\/div>\n\t\t\t\t<\/div>\n\t\t\t\t\t<\/div>\n\t\t<\/div>\n\t\t\t\t<div class=\"elementor-column elementor-col-25 elementor-top-column elementor-element elementor-element-e463be9\" data-id=\"e463be9\" data-element_type=\"column\" data-e-type=\"column\" data-settings=\"{&quot;background_background&quot;:&quot;classic&quot;}\">\n\t\t\t<div class=\"elementor-widget-wrap elementor-element-populated\">\n\t\t\t\t\t<div class=\"elementor-background-overlay\"><\/div>\n\t\t\t\t\t\t<div class=\"elementor-element elementor-element-a60a941 elementor-widget-mobile__width-inherit elementor-widget elementor-widget-ekit-nav-menu\" data-id=\"a60a941\" data-element_type=\"widget\" data-e-type=\"widget\" data-widget_type=\"ekit-nav-menu.default\">\n\t\t\t\t<div class=\"elementor-widget-container\">\n\t\t\t\t\t\t\t<nav class=\"ekit-wid-con ekit_menu_responsive_tablet\" \n\t\t\tdata-hamburger-icon=\"\" \n\t\t\tdata-hamburger-icon-type=\"icon\" \n\t\t\tdata-responsive-breakpoint=\"1024\">\n\t\t\t            <button class=\"elementskit-menu-hamburger elementskit-menu-toggler\"  type=\"button\" aria-label=\"hamburger-icon\">\n                                    <span class=\"elementskit-menu-hamburger-icon\"><\/span><span class=\"elementskit-menu-hamburger-icon\"><\/span><span class=\"elementskit-menu-hamburger-icon\"><\/span>\n                            <\/button>\n            <div id=\"ekit-megamenu-menu-1\" class=\"elementskit-menu-container elementskit-menu-offcanvas-elements elementskit-navbar-nav-default ekit-nav-menu-one-page-no ekit-nav-dropdown-hover\"><ul id=\"menu-menu-1\" class=\"elementskit-navbar-nav elementskit-menu-po-center submenu-click-on-icon\"><li id=\"menu-item-52\" class=\"menu-item menu-item-type-custom menu-item-object-custom menu-item-52 nav-item elementskit-mobile-builder-content\" data-vertical-menu=750px><a href=\"https:\/\/asaofranciscodeassis.org.br\/portal\/home\" class=\"ekit-menu-nav-link\">Home<\/a><\/li>\n<li id=\"menu-item-358\" class=\"menu-item menu-item-type-custom menu-item-object-custom menu-item-358 nav-item elementskit-mobile-builder-content\" data-vertical-menu=750px><a href=\"http:\/\/asaofranciscodeassis.org.br\/portal\/quem-somos\" class=\"ekit-menu-nav-link\">Quem Somos<\/a><\/li>\n<li id=\"menu-item-166\" class=\"menu-item menu-item-type-custom menu-item-object-custom menu-item-166 nav-item elementskit-mobile-builder-content\" data-vertical-menu=750px><a href=\"https:\/\/asaofranciscodeassis.org.br\/portal\/equipe\" class=\"ekit-menu-nav-link\">Equipe<\/a><\/li>\n<li id=\"menu-item-167\" class=\"menu-item menu-item-type-custom menu-item-object-custom menu-item-167 nav-item elementskit-mobile-builder-content\" data-vertical-menu=750px><a href=\"https:\/\/asaofranciscodeassis.org.br\/portal\/transparencia\" class=\"ekit-menu-nav-link\">Transpar\u00eancia<\/a><\/li>\n<li id=\"menu-item-317\" class=\"menu-item menu-item-type-custom menu-item-object-custom menu-item-317 nav-item elementskit-mobile-builder-content\" data-vertical-menu=750px><a href=\"http:\/\/asaofranciscodeassis.org\/portal\/fotos\" class=\"ekit-menu-nav-link\">Fotos<\/a><\/li>\n<li id=\"menu-item-420\" class=\"menu-item menu-item-type-custom menu-item-object-custom menu-item-420 nav-item elementskit-mobile-builder-content\" data-vertical-menu=750px><a href=\"https:\/\/asaofranciscodeassis.org.br\/portal\/doacao\/\" class=\"ekit-menu-nav-link\">Doa\u00e7\u00e3o<\/a><\/li>\n<li id=\"menu-item-318\" class=\"menu-item menu-item-type-custom menu-item-object-custom menu-item-318 nav-item elementskit-mobile-builder-content\" data-vertical-menu=750px><a href=\"http:\/\/asaofranciscodeassis.org\/portal\/contato\" class=\"ekit-menu-nav-link\">Contato<\/a><\/li>\n<\/ul><div class=\"elementskit-nav-identity-panel\"><a class=\"elementskit-nav-logo\" href=\"https:\/\/asaofranciscodeassis.org.br\/portal\" target=\"\" rel=\"\"><img src=\"https:\/\/asaofranciscodeassis.org.br\/portal\/wp-content\/uploads\/2021\/04\/logoappd.jpeg\" title=\"logoappd\" alt=\"logoappd\" decoding=\"async\" \/><\/a><button class=\"elementskit-menu-close elementskit-menu-toggler\" type=\"button\">X<\/button><\/div><\/div>\t\t\t\n\t\t\t<div class=\"elementskit-menu-overlay elementskit-menu-offcanvas-elements elementskit-menu-toggler ekit-nav-menu--overlay\"><\/div>        <\/nav>\n\t\t\t\t\t\t<\/div>\n\t\t\t\t<\/div>\n\t\t\t\t\t<\/div>\n\t\t<\/div>\n\t\t\t\t<div class=\"elementor-column elementor-col-25 elementor-top-column elementor-element elementor-element-e30895b\" data-id=\"e30895b\" data-element_type=\"column\" data-e-type=\"column\">\n\t\t\t<div class=\"elementor-widget-wrap\">\n\t\t\t\t\t\t\t<\/div>\n\t\t<\/div>\n\t\t\t\t<div class=\"elementor-column elementor-col-25 elementor-top-column elementor-element elementor-element-7565627\" data-id=\"7565627\" data-element_type=\"column\" data-e-type=\"column\">\n\t\t\t<div class=\"elementor-widget-wrap\">\n\t\t\t\t\t\t\t<\/div>\n\t\t<\/div>\n\t\t\t\t\t<\/div>\n\t\t<\/section>\n\t\t\t\t<section class=\"elementor-section elementor-top-section elementor-element elementor-element-1c3c8dff elementor-section-full_width elementor-section-height-default elementor-section-height-default\" data-id=\"1c3c8dff\" data-element_type=\"section\" data-e-type=\"section\" data-settings=\"{&quot;background_background&quot;:&quot;classic&quot;}\">\n\t\t\t\t\t\t<div class=\"elementor-container elementor-column-gap-no\">\n\t\t\t\t\t<div class=\"elementor-column elementor-col-100 elementor-top-column elementor-element elementor-element-4acc8d3d\" data-id=\"4acc8d3d\" data-element_type=\"column\" data-e-type=\"column\">\n\t\t\t<div class=\"elementor-widget-wrap elementor-element-populated\">\n\t\t\t\t\t\t<section class=\"elementor-section elementor-inner-section elementor-element elementor-element-693922e7 elementor-section-boxed elementor-section-height-default elementor-section-height-default\" data-id=\"693922e7\" data-element_type=\"section\" data-e-type=\"section\">\n\t\t\t\t\t\t<div class=\"elementor-container elementor-column-gap-default\">\n\t\t\t\t\t<div class=\"elementor-column elementor-col-50 elementor-inner-column elementor-element elementor-element-6e3e0e47\" data-id=\"6e3e0e47\" data-element_type=\"column\" data-e-type=\"column\">\n\t\t\t<div class=\"elementor-widget-wrap elementor-element-populated\">\n\t\t\t\t\t\t<div class=\"elementor-element elementor-element-40e2b7ae elementor-widget elementor-widget-elementskit-heading\" data-id=\"40e2b7ae\" data-element_type=\"widget\" data-e-type=\"widget\" data-widget_type=\"elementskit-heading.default\">\n\t\t\t\t<div class=\"elementor-widget-container\">\n\t\t\t\t\t<div class=\"ekit-wid-con\" ><div class=\"ekit-heading elementskit-section-title-wraper text_left   ekit_heading_tablet-   ekit_heading_mobile-\"><span class=\"ekit-heading--subtitle elementskit-section-subtitle  elementskit-style-border\">\n\t\t\t\t\t\tAPPD - Associa\u00e7\u00e3o de Pessoas Portadoras de Defici\u00eancia &quot;S\u00e3o Francisco de Assis&quot;\n\t\t\t\t\t<\/span>\t\t\t\t<div class='ekit-heading__description'>\n\t\t\t\t\t<p>APPD - S\u00e3o Francisco de Assis, \u00e9 uma associa\u00e7\u00e3o beneficente, fundada por um grupo de pais de pessoas com defici\u00eancia, amigos e pessoas com defici\u00eancia, foi criada com o prop\u00f3sito de oferecer tratamento, melhorar a qualidade de vida da pessoa com defici\u00eancia e de luta pelos direitos destes.<\/p>\n<p>A APPD-S\u00e3o Francisco de Assis, sobrevive de doa\u00e7\u00f5es, tem um trabalho de excel\u00eancia, em toda a regi\u00e3o em volta de S\u00e3o Jo\u00e3o da Boia Vista \u2013 SP, e \u00e9 inteiramente voltada ao bem-estar e tratamento da pessoa com qualquer tipo de defici\u00eancia e de qualquer faixa et\u00e1ria, oferece tratamento gratuito, tem uma equipe multidisciplinar em todas as \u00e1reas necess\u00e1rias \u00e0 reabilita\u00e7\u00e3o da pessoa com defici\u00eancia com fisioterapeutas, psic\u00f3logos, fonoaudi\u00f3logos, terapeuta ocupacional, assistente social entre outros.<\/p>\n<p>De modo que, a Associa\u00e7\u00e3o S\u00e3o Francisco est\u00e1 entre as melhores e mais confi\u00e1veis entidade do Pa\u00eds como bem demonstrado em reportagem da revista VEJA a qual divulgou uma lista de entidades filantr\u00f3picas, levantada pelo INSTITUTO DE CONSULTORIA INTERNACIONAL KANITZ&amp;ASSOCIADOS, das 500 entidades sociais beneficentes mais confi\u00e1veis pela transpar\u00eancia e trabalho desenvolvido.<\/p>\n\t\t\t\t<\/div>\n\t\t\t<\/div><\/div>\t\t\t\t<\/div>\n\t\t\t\t<\/div>\n\t\t\t\t\t<\/div>\n\t\t<\/div>\n\t\t\t\t<div class=\"elementor-column elementor-col-50 elementor-inner-column elementor-element elementor-element-7a1ff52d\" data-id=\"7a1ff52d\" data-element_type=\"column\" data-e-type=\"column\">\n\t\t\t<div class=\"elementor-widget-wrap elementor-element-populated\">\n\t\t\t\t\t\t<div class=\"elementor-element elementor-element-39fca29 elementor-widget elementor-widget-image\" data-id=\"39fca29\" data-element_type=\"widget\" data-e-type=\"widget\" data-widget_type=\"image.default\">\n\t\t\t\t<div class=\"elementor-widget-container\">\n\t\t\t\t\t\t\t\t\t\t\t\t\t\t\t<img fetchpriority=\"high\" decoding=\"async\" width=\"988\" height=\"947\" src=\"https:\/\/asaofranciscodeassis.org.br\/portal\/wp-content\/uploads\/2021\/04\/Imagem1.png\" class=\"attachment-large size-large wp-image-286\" alt=\"\" srcset=\"https:\/\/asaofranciscodeassis.org.br\/portal\/wp-content\/uploads\/2021\/04\/Imagem1.png 988w, https:\/\/asaofranciscodeassis.org.br\/portal\/wp-content\/uploads\/2021\/04\/Imagem1-300x288.png 300w, https:\/\/asaofranciscodeassis.org.br\/portal\/wp-content\/uploads\/2021\/04\/Imagem1-768x736.png 768w\" sizes=\"(max-width: 988px) 100vw, 988px\" \/>\t\t\t\t\t\t\t\t\t\t\t\t\t\t\t<\/div>\n\t\t\t\t<\/div>\n\t\t\t\t\t<\/div>\n\t\t<\/div>\n\t\t\t\t\t<\/div>\n\t\t<\/section>\n\t\t\t\t<section class=\"elementor-section elementor-inner-section elementor-element elementor-element-4017b516 elementor-section-boxed elementor-section-height-default elementor-section-height-default\" data-id=\"4017b516\" data-element_type=\"section\" data-e-type=\"section\">\n\t\t\t\t\t\t<div class=\"elementor-container elementor-column-gap-default\">\n\t\t\t\t\t<div class=\"elementor-column elementor-col-50 elementor-inner-column elementor-element elementor-element-6d69bbe\" data-id=\"6d69bbe\" data-element_type=\"column\" data-e-type=\"column\">\n\t\t\t<div class=\"elementor-widget-wrap\">\n\t\t\t\t\t\t\t<\/div>\n\t\t<\/div>\n\t\t\t\t<div class=\"elementor-column elementor-col-50 elementor-inner-column elementor-element elementor-element-8850c23\" data-id=\"8850c23\" data-element_type=\"column\" data-e-type=\"column\">\n\t\t\t<div class=\"elementor-widget-wrap\">\n\t\t\t\t\t\t\t<\/div>\n\t\t<\/div>\n\t\t\t\t\t<\/div>\n\t\t<\/section>\n\t\t\t\t\t<\/div>\n\t\t<\/div>\n\t\t\t\t\t<\/div>\n\t\t<\/section>\n\t\t\t\t<section class=\"elementor-section elementor-top-section elementor-element elementor-element-4f5a66ad elementor-section-boxed elementor-section-height-default elementor-section-height-default\" data-id=\"4f5a66ad\" data-element_type=\"section\" data-e-type=\"section\" data-settings=\"{&quot;background_background&quot;:&quot;classic&quot;}\">\n\t\t\t\t\t\t<div class=\"elementor-container elementor-column-gap-default\">\n\t\t\t\t\t<div class=\"elementor-column elementor-col-100 elementor-top-column elementor-element elementor-element-331dd8ae\" data-id=\"331dd8ae\" data-element_type=\"column\" data-e-type=\"column\">\n\t\t\t<div class=\"elementor-widget-wrap elementor-element-populated\">\n\t\t\t\t\t\t<div class=\"elementor-element elementor-element-3cf90240 elementor-widget elementor-widget-elementskit-heading\" data-id=\"3cf90240\" data-element_type=\"widget\" data-e-type=\"widget\" data-widget_type=\"elementskit-heading.default\">\n\t\t\t\t<div class=\"elementor-widget-container\">\n\t\t\t\t\t<div class=\"ekit-wid-con\" ><div class=\"ekit-heading elementskit-section-title-wraper text_left   ekit_heading_tablet-   ekit_heading_mobile-\"><span class=\"elementskit-section-subtitle  elementskit-style-border\">\n\t\t\t\t\t\tPensamento\n\t\t\t\t\t<\/span><\/div><\/div>\t\t\t\t<\/div>\n\t\t\t\t<\/div>\n\t\t\t\t<section class=\"elementor-section elementor-inner-section elementor-element elementor-element-5a5b8ed3 elementor-section-boxed elementor-section-height-default elementor-section-height-default\" data-id=\"5a5b8ed3\" data-element_type=\"section\" data-e-type=\"section\">\n\t\t\t\t\t\t<div class=\"elementor-container elementor-column-gap-no\">\n\t\t\t\t\t<div class=\"elementor-column elementor-col-50 elementor-inner-column elementor-element elementor-element-2afc7b30\" data-id=\"2afc7b30\" data-element_type=\"column\" data-e-type=\"column\">\n\t\t\t<div class=\"elementor-widget-wrap elementor-element-populated\">\n\t\t\t\t\t\t<div class=\"elementor-element elementor-element-26322528 elementor-view-default elementor-widget elementor-widget-icon\" data-id=\"26322528\" data-element_type=\"widget\" data-e-type=\"widget\" data-widget_type=\"icon.default\">\n\t\t\t\t<div class=\"elementor-widget-container\">\n\t\t\t\t\t\t\t<div class=\"elementor-icon-wrapper\">\n\t\t\t<div class=\"elementor-icon\">\n\t\t\t<i aria-hidden=\"true\" class=\"icon icon-quote\"><\/i>\t\t\t<\/div>\n\t\t<\/div>\n\t\t\t\t\t\t<\/div>\n\t\t\t\t<\/div>\n\t\t\t\t<div class=\"elementor-element elementor-element-5384f314 elementor-widget elementor-widget-text-editor\" data-id=\"5384f314\" data-element_type=\"widget\" data-e-type=\"widget\" data-widget_type=\"text-editor.default\">\n\t\t\t\t<div class=\"elementor-widget-container\">\n\t\t\t\t\t\t\t\t\t<p>\u201c\u00c9 convivendo com a diversidade que adquirimos empatia para sermos pessoas melhores\u201d<\/p>\t\t\t\t\t\t\t\t<\/div>\n\t\t\t\t<\/div>\n\t\t\t\t\t<\/div>\n\t\t<\/div>\n\t\t\t\t<div class=\"elementor-column elementor-col-50 elementor-inner-column elementor-element elementor-element-4308f4d\" data-id=\"4308f4d\" data-element_type=\"column\" data-e-type=\"column\">\n\t\t\t<div class=\"elementor-widget-wrap elementor-element-populated\">\n\t\t\t\t\t\t<div class=\"elementor-element elementor-element-1e16247 elementor-widget elementor-widget-image\" data-id=\"1e16247\" data-element_type=\"widget\" data-e-type=\"widget\" data-widget_type=\"image.default\">\n\t\t\t\t<div class=\"elementor-widget-container\">\n\t\t\t\t\t\t\t\t\t\t\t\t\t\t\t<img decoding=\"async\" width=\"1024\" height=\"424\" src=\"https:\/\/asaofranciscodeassis.org.br\/portal\/wp-content\/uploads\/2021\/04\/stick-people-children-5293336_1920-1024x424.png\" class=\"attachment-large size-large wp-image-260\" alt=\"\" srcset=\"https:\/\/asaofranciscodeassis.org.br\/portal\/wp-content\/uploads\/2021\/04\/stick-people-children-5293336_1920-1024x424.png 1024w, https:\/\/asaofranciscodeassis.org.br\/portal\/wp-content\/uploads\/2021\/04\/stick-people-children-5293336_1920-300x124.png 300w, https:\/\/asaofranciscodeassis.org.br\/portal\/wp-content\/uploads\/2021\/04\/stick-people-children-5293336_1920-768x318.png 768w, https:\/\/asaofranciscodeassis.org.br\/portal\/wp-content\/uploads\/2021\/04\/stick-people-children-5293336_1920-1536x636.png 1536w, https:\/\/asaofranciscodeassis.org.br\/portal\/wp-content\/uploads\/2021\/04\/stick-people-children-5293336_1920.png 1920w\" sizes=\"(max-width: 1024px) 100vw, 1024px\" \/>\t\t\t\t\t\t\t\t\t\t\t\t\t\t\t<\/div>\n\t\t\t\t<\/div>\n\t\t\t\t\t<\/div>\n\t\t<\/div>\n\t\t\t\t\t<\/div>\n\t\t<\/section>\n\t\t\t\t\t<\/div>\n\t\t<\/div>\n\t\t\t\t\t<\/div>\n\t\t<\/section>\n\t\t\t\t<section class=\"elementor-section elementor-top-section elementor-element elementor-element-2e079f12 elementor-section-full_width elementor-section-height-default elementor-section-height-default\" data-id=\"2e079f12\" data-element_type=\"section\" data-e-type=\"section\" data-settings=\"{&quot;background_background&quot;:&quot;classic&quot;}\">\n\t\t\t\t\t\t<div class=\"elementor-container elementor-column-gap-default\">\n\t\t\t\t\t<div class=\"elementor-column elementor-col-33 elementor-top-column elementor-element elementor-element-33942f16\" data-id=\"33942f16\" data-element_type=\"column\" data-e-type=\"column\">\n\t\t\t<div class=\"elementor-widget-wrap\">\n\t\t\t\t\t\t\t<\/div>\n\t\t<\/div>\n\t\t\t\t<div class=\"elementor-column elementor-col-33 elementor-top-column elementor-element elementor-element-8b397e9\" data-id=\"8b397e9\" data-element_type=\"column\" data-e-type=\"column\">\n\t\t\t<div class=\"elementor-widget-wrap elementor-element-populated\">\n\t\t\t\t\t\t<div class=\"elementor-element elementor-element-43b5a9a elementor-widget elementor-widget-text-editor\" data-id=\"43b5a9a\" data-element_type=\"widget\" data-e-type=\"widget\" data-widget_type=\"text-editor.default\">\n\t\t\t\t<div class=\"elementor-widget-container\">\n\t\t\t\t\t\t\t\t\t<p>Rua Augusto Caetano, 275 \u2013 Jd. Nova S\u00e3o Jo\u00e3o &#8211; S\u00e3o Jo\u00e3o da Boa Vista-SP | CEP:13874-143<br>Telefones: (19) 3622-2899 | 3622-3818<br>E-mail: appdsfa@uol.com.br<\/p>\t\t\t\t\t\t\t\t<\/div>\n\t\t\t\t<\/div>\n\t\t\t\t<div class=\"elementor-element elementor-element-65e34e51 elementor-widget elementor-widget-image\" data-id=\"65e34e51\" data-element_type=\"widget\" data-e-type=\"widget\" data-widget_type=\"image.default\">\n\t\t\t\t<div class=\"elementor-widget-container\">\n\t\t\t\t\t\t\t\t\t\t\t\t\t\t\t\t<a href=\"https:\/\/elementskit.xpeedstudio.com\/\">\n\t\t\t\t\t\t\t<img decoding=\"async\" width=\"150\" height=\"150\" src=\"https:\/\/asaofranciscodeassis.org.br\/portal\/wp-content\/uploads\/2021\/04\/logoappd-150x150.jpeg\" class=\"attachment-thumbnail size-thumbnail wp-image-60\" alt=\"\" \/>\t\t\t\t\t\t\t\t<\/a>\n\t\t\t\t\t\t\t\t\t\t\t\t\t\t\t<\/div>\n\t\t\t\t<\/div>\n\t\t\t\t\t<\/div>\n\t\t<\/div>\n\t\t\t\t<div class=\"elementor-column elementor-col-33 elementor-top-column elementor-element elementor-element-1e18fbd\" data-id=\"1e18fbd\" data-element_type=\"column\" data-e-type=\"column\">\n\t\t\t<div class=\"elementor-widget-wrap\">\n\t\t\t\t\t\t\t<\/div>\n\t\t<\/div>\n\t\t\t\t\t<\/div>\n\t\t<\/section>\n\t\t\t\t<\/div>\n\t\t","protected":false},"excerpt":{"rendered":"<p>Home Quem Somos Equipe Transpar\u00eancia Fotos Doa\u00e7\u00e3o Contato X APPD &#8211; Associa\u00e7\u00e3o de Pessoas Portadoras de Defici\u00eancia &quot;S\u00e3o Francisco de Assis&quot; APPD &#8211; S\u00e3o Francisco de Assis, \u00e9 uma associa\u00e7\u00e3o beneficente, fundada por um grupo de pais de pessoas com defici\u00eancia, amigos e pessoas com defici\u00eancia, foi criada com o prop\u00f3sito de oferecer tratamento, melhorar [&hellip;]<\/p>\n","protected":false},"author":1,"featured_media":0,"parent":0,"menu_order":0,"comment_status":"closed","ping_status":"open","template":"elementor_canvas","meta":{"pagelayer_contact_templates":[],"_pagelayer_content":"","footnotes":""},"class_list":["post-2","page","type-page","status-publish","hentry"],"_links":{"self":[{"href":"https:\/\/asaofranciscodeassis.org.br\/portal\/wp-json\/wp\/v2\/pages\/2","targetHints":{"allow":["GET"]}}],"collection":[{"href":"https:\/\/asaofranciscodeassis.org.br\/portal\/wp-json\/wp\/v2\/pages"}],"about":[{"href":"https:\/\/asaofranciscodeassis.org.br\/portal\/wp-json\/wp\/v2\/types\/page"}],"author":[{"embeddable":true,"href":"https:\/\/asaofranciscodeassis.org.br\/portal\/wp-json\/wp\/v2\/users\/1"}],"replies":[{"embeddable":true,"href":"https:\/\/asaofranciscodeassis.org.br\/portal\/wp-json\/wp\/v2\/comments?post=2"}],"version-history":[{"count":206,"href":"https:\/\/asaofranciscodeassis.org.br\/portal\/wp-json\/wp\/v2\/pages\/2\/revisions"}],"predecessor-version":[{"id":656,"href":"https:\/\/asaofranciscodeassis.org.br\/portal\/wp-json\/wp\/v2\/pages\/2\/revisions\/656"}],"wp:attachment":[{"href":"https:\/\/asaofranciscodeassis.org.br\/portal\/wp-json\/wp\/v2\/media?parent=2"}],"curies":[{"name":"wp","href":"https:\/\/api.w.org\/{rel}","templated":true}]}}